{"id":92,"date":"2018-10-01T05:58:15","date_gmt":"2018-10-01T02:58:15","guid":{"rendered":"http:\/\/venus-ltd.com\/?page_id=92"},"modified":"2018-10-01T05:58:15","modified_gmt":"2018-10-01T02:58:15","slug":"hizmetlerimiz","status":"publish","type":"page","link":"https:\/\/venus-ltd.com\/index.php\/hizmetlerimiz\/","title":{"rendered":"Hizmetlerimiz"},"content":{"rendered":"<ul>\n<li>Muhasebe Ve Raporlama\n<ul>\n<li>Defter tutma (muhasebe kay\u0131tlar\u0131) ve yasal raporlama<\/li>\n<li>Yasal beyanname ve bildirgelerin haz\u0131rlanmas\u0131<\/li>\n<li>UFRS\u2018a g\u00f6re finansal tablolar\u0131n haz\u0131rlanmas\u0131<\/li>\n<li>Y\u00fcksek hacimli evrak giri\u015fi<\/li>\n<li>Enflasyon muhasebesi<\/li>\n<li>Sabit k\u0131ymet hizmetleri<\/li>\n<li>D\u00f6vizli muhasebe<\/li>\n<li>Y\u00f6netim raporlar\u0131n\u0131n haz\u0131rlanmas\u0131<\/li>\n<li>Dahili kontrol hizmetleri<\/li>\n<li>Y\u0131lsonu kapan\u0131\u015f i\u015flemleri<\/li>\n<\/ul>\n<\/li>\n<li>Muhasebe Destek\n<ul>\n<li>Muhasebe s\u00fcpervizyonu hizmeti<\/li>\n<li>D\u00f6nemsel muhasebe personeli temini (kiral\u0131k eleman)<\/li>\n<li>T\u00fcm muhasebe ve bordro yasal dok\u00fcmanlar\u0131n\u0131n mevzuat y\u00f6n\u00fcnden kontrol\u00fc<\/li>\n<li>Muhasebe departman\u0131yla ilgili \u00f6zel projelerde yer almak<\/li>\n<\/ul>\n<\/li>\n<li>Personel Ve Bordro\n<ul>\n<li>Yasal zorunluluklar ve m\u00fc\u015fteri politikalar\u0131 \u00e7er\u00e7evesinde bordrolar\u0131n haz\u0131rlanmas\u0131<\/li>\n<li>Personel detay\u0131nda maa\u015f \u00f6demelerinin yap\u0131lmas\u0131 i\u00e7in banka talimatlar\u0131n\u0131n haz\u0131rlanmas\u0131<\/li>\n<li>Bordroya ili\u015fkin muhasebe fi\u015finin haz\u0131rlanmas\u0131<\/li>\n<li>Vergi indirimi kontrol\u00fc ve hesaplanmas\u0131<\/li>\n<li>Masraf merkezi ve departman baz\u0131nda bordro d\u00fczenlenmesi<\/li>\n<li>Bordroya ili\u015fkin t\u00fcm yasal bildirge ve beyannamelerin haz\u0131rlanmas\u0131 ve ilgili makamlara iletilmesi<\/li>\n<li>K\u0131dem ve ihbar tazminat\u0131 tahakkuklar\u0131n\u0131n yap\u0131lmas\u0131<\/li>\n<li>Personel maliyetlerine ili\u015fkin her t\u00fcrl\u00fc y\u00f6netim raporlamas\u0131n\u0131n ve maliyet analiz \u00e7al\u0131\u015fmalar\u0131n\u0131n yap\u0131lmas\u0131<\/li>\n<li>\u0130\u015fe al\u0131m ve i\u015ften ayr\u0131lmalara ili\u015fkin t\u00fcm bildirgelerin haz\u0131rlanmas\u0131 ve resmi makamlara sunumu<\/li>\n<li>Yabanc\u0131 personel i\u00e7in \u00e7al\u0131\u015fma ve oturma izinlerinin al\u0131nmas\u0131<\/li>\n<\/ul>\n<\/li>\n<li>Y\u00fcksek Hacimli Evrak Giri\u015fi<\/li>\n<\/ul>\n","protected":false},"excerpt":{"rendered":"<p>Muhasebe Ve Raporlama Defter tutma (muhasebe kay\u0131tlar\u0131) ve yasal raporlama Yasal beyanname ve bildirgelerin haz\u0131rlanmas\u0131 UFRS\u2018a g\u00f6re finansal tablolar\u0131n haz\u0131rlanmas\u0131 Y\u00fcksek hacimli evrak giri\u015fi Enflasyon muhasebesi Sabit k\u0131ymet hizmetleri D\u00f6vizli muhasebe Y\u00f6netim raporlar\u0131n\u0131n haz\u0131rlanmas\u0131 Dahili kontrol hizmetleri Y\u0131lsonu kapan\u0131\u015f i\u015flemleri Muhasebe Destek Muhasebe s\u00fcpervizyonu hizmeti D\u00f6nemsel muhasebe personeli temini (kiral\u0131k eleman) T\u00fcm muhasebe ve bordro &hellip; <\/p>\n<p class=\"link-more\"><a href=\"https:\/\/venus-ltd.com\/index.php\/hizmetlerimiz\/\" class=\"more-link\">Continue reading<span class=\"screen-reader-text\"> &#8220;Hizmetlerimiz&#8221;<\/span><\/a><\/p>\n","protected":false},"author":1,"featured_media":0,"parent":0,"menu_order":0,"comment_status":"closed","ping_status":"closed","template":"","meta":{"footnotes":""},"class_list":["post-92","page","type-page","status-publish","hentry"],"_links":{"self":[{"href":"https:\/\/venus-ltd.com\/index.php\/wp-json\/wp\/v2\/pages\/92","targetHints":{"allow":["GET"]}}],"collection":[{"href":"https:\/\/venus-ltd.com\/index.php\/wp-json\/wp\/v2\/pages"}],"about":[{"href":"https:\/\/venus-ltd.com\/index.php\/wp-json\/wp\/v2\/types\/page"}],"author":[{"embeddable":true,"href":"https:\/\/venus-ltd.com\/index.php\/wp-json\/wp\/v2\/users\/1"}],"replies":[{"embeddable":true,"href":"https:\/\/venus-ltd.com\/index.php\/wp-json\/wp\/v2\/comments?post=92"}],"version-history":[{"count":1,"href":"https:\/\/venus-ltd.com\/index.php\/wp-json\/wp\/v2\/pages\/92\/revisions"}],"predecessor-version":[{"id":93,"href":"https:\/\/venus-ltd.com\/index.php\/wp-json\/wp\/v2\/pages\/92\/revisions\/93"}],"wp:attachment":[{"href":"https:\/\/venus-ltd.com\/index.php\/wp-json\/wp\/v2\/media?parent=92"}],"curies":[{"name":"wp","href":"https:\/\/api.w.org\/{rel}","templated":true}]}}